{"id":138,"date":"2018-01-22T05:43:51","date_gmt":"2018-01-22T05:43:51","guid":{"rendered":"http:\/\/localhost\/ciya-shop-sample-data\/?page_id=138"},"modified":"2024-12-05T22:56:39","modified_gmt":"2024-12-05T19:56:39","slug":"davetiye-sozleri","status":"publish","type":"page","link":"https:\/\/dugundavetiyeci.com\/index.php\/davetiye-sozleri\/","title":{"rendered":"Davetiye S\u00f6zleri"},"content":{"rendered":"<p>[vc_row el_id=&#8221;1733424716996-93c5464f-52d3&#8243; css=&#8221;.vc_custom_1733425517087{padding-top: 20px !important;}&#8221;][vc_column el_id=&#8221;1733424716999-80002013-71d3&#8243;][vc_column_text]<span style=\"color: #000000;\"><em><strong>Davetiye S\u00f6zleri<\/strong><\/em> \u00f6rnekleri A\u015fa\u011f\u0131dad\u0131r be\u011fendi\u011finizin numaras\u0131n\u0131 bize iletebilirsiniz.<\/span><\/p>\n<p><span style=\"color: #000000;\"><br \/>\nSevgi dolu y\u00fcreklerimizi birle\u015ftirmek i\u00e7in en \u00f6zel g\u00fcn\u00fcm\u00fczde sizleri aram\u0131zda g\u00f6rmek bize mutluluk verecek.<\/span><\/p>\n<p><span style=\"color: #000000;\">Evlili\u011fimizin ilk ad\u0131m\u0131n\u0131 sizlerle birlikte atmaktan b\u00fcy\u00fck onur duyaca\u011f\u0131z.<\/span><\/p>\n<p><span style=\"color: #000000;\">\u00d6zel g\u00fcn\u00fcm\u00fczde yan\u0131m\u0131zda olman\u0131z\u0131 diler, sevgiyle davet ederiz.<\/span><\/p>\n<p><span style=\"color: #000000;\">Birlikte ya\u015fayaca\u011f\u0131m\u0131z bu mutlu g\u00fcn\u00fcm\u00fczde sizlerle payla\u015fmak bizi \u00e7ok sevindirecek.<\/span><\/p>\n<p><span style=\"color: #000000;\">Hayat\u0131m\u0131z\u0131n en mutlu anlar\u0131n\u0131 sizlerle payla\u015fmak i\u00e7in sab\u0131rs\u0131zlan\u0131yoruz.<\/span><\/p>\n<p><span style=\"color: #000000;\">Sevgimizi, mutlulu\u011fumuzu ve umutlar\u0131m\u0131z\u0131 sizinle payla\u015fmak istiyoruz.<\/span><\/p>\n<p><span style=\"color: #000000;\">Sizleri aram\u0131zda g\u00f6rmek, en \u00f6zel g\u00fcn\u00fcm\u00fcz\u00fc daha da anlamland\u0131racak.<\/span><\/p>\n<p><span style=\"color: #000000;\">Hayat\u0131m\u0131z\u0131n en g\u00fczel anlar\u0131ndan birinde sizleri yan\u0131m\u0131zda g\u00f6rmek bize b\u00fcy\u00fck mutluluk verecek.<\/span><\/p>\n<p><span style=\"color: #000000;\">\u00d6zel g\u00fcn\u00fcm\u00fczde sizleri misafir etmekten b\u00fcy\u00fck onur duyaca\u011f\u0131z.<\/span><\/p>\n<p><span style=\"color: #000000;\">Birlikte ge\u00e7irece\u011fimiz bu mutlu g\u00fcn\u00fcm\u00fczde sizleri aram\u0131zda g\u00f6rmek bize b\u00fcy\u00fck mutluluk verecek.<\/span><\/p>\n<p><span style=\"color: #000000;\">En mutlu g\u00fcn\u00fcm\u00fczde sizleri yan\u0131m\u0131zda g\u00f6rmek dile\u011fiyle\u2026<\/span><\/p>\n<p><span style=\"color: #000000;\">Sevgi dolu kalplerimizi birle\u015ftirmek i\u00e7in sizleri aram\u0131zda g\u00f6rmek istiyoruz.<\/span><\/p>\n<p><span style=\"color: #000000;\">Sizlerle mutlulu\u011fumuzu payla\u015fmak bize b\u00fcy\u00fck ne\u015fe verecek.<\/span><\/p>\n<p><span style=\"color: #000000;\">En \u00f6zel g\u00fcn\u00fcm\u00fczde sizleri aram\u0131zda g\u00f6rmekten b\u00fcy\u00fck mutluluk duyaca\u011f\u0131z.<\/span><\/p>\n<p><span style=\"color: #000000;\">Sizleri aram\u0131zda g\u00f6rmek, en g\u00fczel g\u00fcn\u00fcm\u00fcz\u00fc daha da \u00f6zel k\u0131lacak.<\/span><\/p>\n<p><span style=\"color: #000000;\">\u00d6zel g\u00fcn\u00fcm\u00fczde sizleri yan\u0131m\u0131zda g\u00f6rmek, bize b\u00fcy\u00fck mutluluk verecek.<\/span><\/p>\n<p><span style=\"color: #000000;\">Sevgimizi, mutlulu\u011fumuzu sizlerle payla\u015fmak istiyoruz.<\/span><\/p>\n<p><span style=\"color: #000000;\">Birlikte olaca\u011f\u0131m\u0131z bu \u00f6zel g\u00fcn\u00fcm\u00fczde sizleri aram\u0131zda g\u00f6rmek istiyoruz.<\/span><\/p>\n<p><span style=\"color: #000000;\">Sevgi dolu kalplerimizi birle\u015ftirmek i\u00e7in sizleri yan\u0131m\u0131zda g\u00f6rmek istiyoruz.<\/span><\/p>\n<p><span style=\"color: #000000;\">Sizleri aram\u0131zda g\u00f6rmek, en mutlu g\u00fcn\u00fcm\u00fcz\u00fc daha da anlaml\u0131 k\u0131lacak.<\/span><\/p>\n<p><span style=\"color: #000000;\">En \u00f6zel g\u00fcn\u00fcm\u00fczde sizleri yan\u0131m\u0131zda g\u00f6rmek bize b\u00fcy\u00fck mutluluk verecek.<\/span><\/p>\n<p><span style=\"color: #000000;\">Sevgi dolu y\u00fcreklerimizi birle\u015ftirmek i\u00e7in en mutlu g\u00fcn\u00fcm\u00fczde sizleri aram\u0131zda g\u00f6rmek istiyoruz.<\/span><\/p>\n<p><span style=\"color: #000000;\">Birlikte ya\u015fayaca\u011f\u0131m\u0131z bu mutlu g\u00fcn\u00fcm\u00fczde sizleri aram\u0131zda g\u00f6rmek bize b\u00fcy\u00fck ne\u015fe verecek.<\/span><\/p>\n<p><span style=\"color: #000000;\">En mutlu g\u00fcn\u00fcm\u00fczde sizleri yan\u0131m\u0131zda g\u00f6rmek dile\u011fiyle\u2026<\/span><\/p>\n<p><span style=\"color: #000000;\">Sevgi dolu kalplerimizi birle\u015ftirmek i\u00e7in en \u00f6zel g\u00fcn\u00fcm\u00fczde sizleri aram\u0131zda g\u00f6rmek istiyoruz.<\/span><\/p>\n<p><span style=\"color: #000000;\">Sizleri aram\u0131zda g\u00f6rmek, en g\u00fczel g\u00fcn\u00fcm\u00fcz\u00fc daha da \u00f6zel k\u0131lacak.<\/span><\/p>\n<p><span style=\"color: #000000;\">\u00d6zel g\u00fcn\u00fcm\u00fczde sizleri yan\u0131m\u0131zda g\u00f6rmek, bize b\u00fcy\u00fck mutluluk verecek.<\/span><\/p>\n<p><span style=\"color: #000000;\">Birlikte olaca\u011f\u0131m\u0131z bu \u00f6zel g\u00fcn\u00fcm\u00fczde sizleri aram\u0131zda g\u00f6rmek istiyoruz.<\/span><\/p>\n<p><span style=\"color: #000000;\">Sevgi dolu kalplerimizi birle\u015ftirmek i\u00e7in sizleri yan\u0131m\u0131zda g\u00f6rmek istiyoruz.<\/span><\/p>\n<p><span style=\"color: #000000;\">Sizleri aram\u0131zda g\u00f6rmek, en mutlu g\u00fcn\u00fcm\u00fcz\u00fc daha da anlaml\u0131 k\u0131lacak.<\/span><\/p>\n<p><span style=\"color: #000000;\">En \u00f6zel g\u00fcn\u00fcm\u00fczde sizleri yan\u0131m\u0131zda g\u00f6rmek bize b\u00fcy\u00fck mutluluk verecek.<\/span><\/p>\n<p><span style=\"color: #000000;\">Sevgi dolu y\u00fcreklerimizi birle\u015ftirmek i\u00e7in en mutlu g\u00fcn\u00fcm\u00fczde sizleri aram\u0131zda g\u00f6rmek istiyoruz.<\/span><\/p>\n<p><span style=\"color: #000000;\">Birlikte ya\u015fayaca\u011f\u0131m\u0131z bu mutlu g\u00fcn\u00fcm\u00fczde sizleri aram\u0131zda g\u00f6rmek bize b\u00fcy\u00fck ne\u015fe verecek.<\/span><\/p>\n<p><span style=\"color: #000000;\">En mutlu g\u00fcn\u00fcm\u00fczde sizleri yan\u0131m\u0131zda g\u00f6rmek dile\u011fiyle\u2026<\/span><\/p>\n<p><span style=\"color: #000000;\">Sevgi dolu kalplerimizi birle\u015ftirmek i\u00e7in en \u00f6zel g\u00fcn\u00fcm\u00fczde sizleri aram\u0131zda g\u00f6rmek istiyoruz.<\/span><\/p>\n<p><span style=\"color: #000000;\">Sizleri aram\u0131zda g\u00f6rmek, en g\u00fczel g\u00fcn\u00fcm\u00fcz\u00fc daha da \u00f6zel k\u0131lacak.<\/span><\/p>\n<p><span style=\"color: #000000;\">\u00d6zel g\u00fcn\u00fcm\u00fczde sizleri yan\u0131m\u0131zda g\u00f6rmek, bize b\u00fcy\u00fck mutluluk verecek.<\/span><\/p>\n<p><span style=\"color: #000000;\">Birlikte olaca\u011f\u0131m\u0131z bu \u00f6zel g\u00fcn\u00fcm\u00fczde sizleri aram\u0131zda g\u00f6rmek istiyoruz.<\/span><\/p>\n<p><span style=\"color: #000000;\">Sevgi dolu kalplerimizi birle\u015ftirmek i\u00e7in sizleri yan\u0131m\u0131zda g\u00f6rmek istiyoruz.<\/span><\/p>\n<p><span style=\"color: #000000;\">Sizleri aram\u0131zda g\u00f6rmek, en mutlu g\u00fcn\u00fcm\u00fcz\u00fc daha da anlaml\u0131 k\u0131lacak.<\/span><\/p>\n<p><span style=\"color: #000000;\">\u00c7ok yak\u0131nda evleniyoruz. D\u00fc\u011f\u00fcn\u00fcm\u00fcz\u00fcn evlili\u011fimizden daha iyi olaca\u011f\u0131n\u0131 garanti ediyoruz. G\u00fczel m\u00fczik, bedava yemek ve s\u00fcrpriz aktivitelerimiz var.<\/span><\/p>\n<p><span style=\"color: #000000;\">\u00c7ocuklar\u0131n\u0131z\u0131 yan\u0131n\u0131zda getirmeyin. Hala vakit varken uzak durmaya \u00e7al\u0131\u015f\u0131yoruz.<\/span><\/p>\n<p><span style=\"color: #000000;\">Gere\u011fi d\u00fc\u015f\u00fcn\u00fcld\u00fc. Birbirine kar\u015f\u0131 mutluluk su\u00e7unu ika etmi\u015f olduklar\u0131ndan, Medeni Kanun\u2019un 4721 Maddesi\u2019ne g\u00f6re evlilik cezas\u0131na \u00e7arpt\u0131r\u0131lm\u0131\u015flard\u0131r. Sizleri de aralar\u0131nda g\u00f6r\u00fcrlerse su\u00e7lar\u0131 \u00f6m\u00fcr boyu mutlulu\u011fa d\u00f6n\u00fc\u015fecektir.<\/span><\/p>\n<p><span style=\"color: #000000;\">Birbirlerini seven ve evlenmeye karar veren iki gencin trajikomik evlenme hikayesi. Sak\u0131n ka\u00e7\u0131rmay\u0131n!<\/span><\/p>\n<p><span style=\"color: #000000;\">Ba\u015frollerde gelin ve damat! Yemek, pasta ve e\u011flence\u2026 Hepsi bu d\u00fc\u011f\u00fcnde. Gala gecesinde g\u00f6r\u00fc\u015fmek \u00fczere\u2026 Yap\u0131mc\u0131lar: Aileler<\/span><\/p>\n<p><span style=\"color: #000000;\">Arad\u0131k bir \u00f6m\u00fcr birlikteli\u011fin ad\u0131n\u0131, bulduk cevab\u0131m\u0131z\u0131: delilik. Bir bilene dan\u0131\u015fal\u0131m dedik, ald\u0131k yan\u0131t\u0131m\u0131z\u0131 sefillik. Kim ne derse desin verdik karar\u0131m\u0131z\u0131: evlilik<\/span><\/p>\n<p><span style=\"color: #000000;\">A\u015fk\u0131m\u0131z\u0131n ak\u0131nt\u0131s\u0131na kap\u0131larak, bekarl\u0131\u011f\u0131n sultanl\u0131\u011f\u0131 liman\u0131na veda etti\u011fimiz bu gece, mutlulu\u011fa var\u0131rken yan\u0131m\u0131zda olmaya ne dersiniz?<\/span><\/p>\n<p><span style=\"color: #000000;\">Leyla ile Mecnunu g\u00f6rmemi\u015f, Kerem ile Asl\u0131\u2019y\u0131 duymam\u0131\u015f, Ferhat ile \u015eirin\u2019i bilmiyor olabilirsiniz. Titanik\u2019i de seyretmediyseniz, bu f\u0131rsat\u0131 ka\u00e7\u0131rmay\u0131n.<\/span><\/p>\n<p><span style=\"color: #000000;\">A\u015fklar\u0131n en b\u00fcy\u00fc\u011f\u00fcne \u015fahit olmak i\u00e7in d\u00fc\u011f\u00fcn\u00fcm\u00fcze kat\u0131l\u0131n.<\/span><\/p>\n<p><span style=\"color: #000000;\">Biz kenardan gidiyoruz yol sizin olsun. Biz p\u0131nardan i\u00e7iyoruz g\u00f6l sizin olsun. Biz evleniyoruz haberiniz olsun. Bizi seven dostlar d\u00fc\u011f\u00fcn\u00fcm\u00fcze buyursun!<\/span><\/p>\n<p><span style=\"color: #000000;\">G\u00f6rd\u00fc g\u00f6zlerimiz sevdi kalplerimiz, hayat\u0131n bahar\u0131nda birle\u015fti ellerimiz. Bu mutlu g\u00fcn\u00fcm\u00fcze sizleri de bekleriz.<\/span><\/p>\n<p><span style=\"color: #000000;\">Mutluluk gele dursun, dostlara haber olsun. D\u00fc\u011f\u00fcn\u00fcm\u00fcz var bug\u00fcn, bizi sevenler buyursun.<\/span><\/p>\n<p><span style=\"color: #000000;\">Birbirimize yan\u0131k, a\u015fk davam\u0131zda san\u0131k olduk. D\u00fc\u011f\u00fcn\u00fcm\u00fcze konuk, mutlulu\u011fumuza tan\u0131k olmaya ne dersiniz?<\/span><\/p>\n<p><span style=\"color: #000000;\">\u015eahit olun a\u015fk servetimize, ortak olun en anlaml\u0131 \u2018evet\u2019imize biz eriyoruz murad\u0131m\u0131za, siz \u00e7\u0131k\u0131n kerevetimize!<\/span><\/p>\n<p><span style=\"color: #000000;\">A\u015fk mucizeyse e\u011fer; senden daha b\u00fcy\u00fck bir mucize d\u00fc\u015f\u00fcnemiyorum. Ben \u00f6mr\u00fcm\u00fcn geri kalan\u0131n\u0131, hayat\u0131m\u0131n en b\u00fcy\u00fck mucizesi ile ge\u00e7irmek istiyorum. Dostlar\u0131m\u0131n mucizemle hayat\u0131m\u0131 birle\u015ftirdi\u011fime \u015fahitlik etmelerinden onur duyuyorum.<\/span><\/p>\n<p><span style=\"color: #000000;\">Soruyordunuz bize. Ne zaman evleneceksiniz diye. Evleniyoruz i\u015fte. Bekleriz sizleri d\u00fc\u011f\u00fcn\u00fcm\u00fcze ailece<\/span><\/p>\n<p><span style=\"color: #000000;\">Bu mutlu g\u00fcn\u00fcm\u00fczde sizleri de aram\u0131zda g\u00f6rmekten mutluluk duyar\u0131z.<\/span><\/p>\n<p><span style=\"color: #000000;\">D\u00fc\u011f\u00fcn t\u00f6renimizde sizleri de aram\u0131zda g\u00f6rmekten mutluluk duyar\u0131z.<\/span><\/p>\n<p><span style=\"color: #000000;\">D\u00fc\u011f\u00fcn t\u00f6renimizde sizlerle birlikte olmaktan mutluluk duyaca\u011f\u0131z.<\/span><\/p>\n<p><span style=\"color: #000000;\">Bu \u00f6zel g\u00fcn\u00fcm\u00fcz\u00fc sizlerle payla\u015fmaktan sevin\u00e7 duyaca\u011f\u0131z.<\/span><\/p>\n<p><span style=\"color: #000000;\">\u00d6m\u00fcr boyu mutlulu\u011fa imzalar\u0131m\u0131z\u0131 atarken, sizlerin de yan\u0131m\u0131zda olmas\u0131ndan b\u00fcy\u00fck mutluluk duyaca\u011f\u0131z.<\/span><\/p>\n<p><span style=\"color: #000000;\">Bu mutlu g\u00fcn\u00fcm\u00fczde, mutlulu\u011fumuzu payla\u015fmak ad\u0131na d\u00fc\u011f\u00fcn t\u00f6renimize sizleri de bekliyoruz.<\/span><\/p>\n<p><span style=\"color: #000000;\">Beraberliklerini s\u00fcrekli k\u0131lmak ve sevgilerini sonsuzlu\u011fa ta\u015f\u0131mak i\u00e7in mutluluklar\u0131n\u0131 sizinle payla\u015fmak istiyorlar.<\/span><\/p>\n<p><span style=\"color: #000000;\">Hayat\u0131m\u0131z\u0131n en anlaml\u0131 g\u00fcn\u00fcnde siz sevgili dostlar\u0131m\u0131zla birlikte olmaktan onur duyaca\u011f\u0131z.<\/span><\/p>\n<p><span style=\"color: #000000;\">Mutluluk payla\u015ft\u0131k\u00e7a b\u00fcy\u00fcr. Mutlulu\u011fumuzu payla\u015fmaya sizleri de bekliyoruz.<\/span><br \/>\n<span style=\"color: #000000;\">D\u00fc\u011f\u00fcn\u00fcm\u00fczde beyaz g\u00fcller, ne \u00e7ok resim payla\u015facak bu eller. Mutlu ge\u00e7sin g\u00fcnlerimiz, sevgi dolu payla\u015f\u0131mlarla dolsun face\u2019imiz. Biz bir \u00f6m\u00fcr beraberiz, d\u00fc\u011f\u00fcn\u00fcm\u00fcze sizleri de bekleriz.<\/span><\/p>\n<p><span style=\"color: #000000;\">Onca y\u0131ld\u0131r ne zaman evleneceksiniz sorular\u0131na alternatif cevaplar bulmaktan yoruldu\u011fumuz i\u00e7in evleniyor ve sizi d\u00f6rt g\u00f6zle bekledi\u011fimiz nikah\u0131m\u0131za davet ediyoruz.<\/span><\/p>\n<p><span style=\"color: #000000;\">\u0130\u015fte hayat\u0131m\u0131n en anlaml\u0131 payla\u015f\u0131m\u0131n\u0131 yap\u0131yorum. Bu etkinli\u011fi a\u00e7arak sizleri d\u00fc\u011f\u00fcn\u00fcm\u00fcze davet ediyorum. Ya\u015fam boyu s\u00fcrmesini diledi\u011fimiz beraberli\u011fimizin bu ilk g\u00fcn\u00fcnde biz \u201cEvet\u201d derken sizleri de aram\u0131zda<\/span><br \/>\n<span style=\"color: #000000;\">g\u00f6rmekten mutluluk duyaca\u011f\u0131z.<\/span><\/p>\n<p><span style=\"color: #000000;\">Biz \u00e7ok sevdik birbirimizi, ba\u011f\u0131rarak s\u00f6yleyece\u011fiz \u201cevet\u201dimizi, ne \u00e7ok isteriz \u015fahitli\u011finizi, sosyal medyadan \u00e7a\u011f\u0131r\u0131yoruz ama bilin d\u00fc\u011f\u00fcn\u00fcm\u00fcze mutlaka<\/span><br \/>\n<span style=\"color: #000000;\">beklendi\u011finizi.<\/span><\/p>\n<p><span style=\"color: #000000;\">iki cihan mutlulu\u011fu duas\u0131 ile birlikteli\u011fimize ilk ad\u0131m\u0131 atarken, sizleri de aram\u0131zda g\u00f6rmekten onur duyar\u0131z..<\/span><\/p>\n<p><span style=\"color: #000000;\">SEVG\u0130L\u0130 ! Sen benim en gizli sadakat\u0131m ve cehennemle arama set olacak en tatl\u0131 g\u00f6zya\u015f\u0131ms\u0131n ! Sen benim solumda sakl\u0131 secdedeki duams\u0131n Sen benim kalbimin en mahrem yan\u0131 Rabbimin arma\u011fan\u0131 ve en g\u00fczel yang\u0131n\u0131ms\u0131n ! Herkes gitse de sevgili ! SEN BANA KALANSIN.<\/span><\/p>\n<p><span style=\"color: #000000;\">Hep arad\u0131m buldum sand\u0131m ben seni. Me\u011fer ki her k\u00fcrremde her zerremde sen vars\u0131n. Seyyahiyem sana g\u00f6\u00e7 etmek istesem. Her ad\u0131mda her karede sen vars\u0131n. Bu mutlu karemizde sizleride aram\u0131zda g\u00f6rmek istiyoruz.<\/span><\/p>\n<p><span style=\"color: #000000;\">K\u0131\u015f\u0131m Bitti Art\u0131k Vuslat Vaktidir Ak Sakall\u0131 Ulu Kocalar\u0131 Dua\u2019s\u0131 \u0130le Bahar\u0131m\u2019a Kavu\u015fma Vaktidir G\u00fcn Be\u015f M\u0131zrak Boyu Y\u00fckseldi\u011finde Yeni Kurdu\u011fum Obam\u0131n Hatunuyla Hayatlar\u0131m\u0131z\u0131 Birle\u015ftirece\u011fimiz Bu Mutlu G\u00fcn\u00fcm\u00fczde Siz De\u011ferli Yak\u0131nlar\u0131m\u0131z &amp; Dostlar\u0131m\u0131z\u0131 Aram\u0131zda G\u00f6rmekten Onur Duyar\u0131z\u2026<\/span><\/p>\n<p><span style=\"color: #000000;\">Biz el ele tutu\u015farak ayn\u0131 hayata ad\u0131m atmaya karar verdik. Biz kalplerimizi birle\u015ftirerek iki can\u0131 bir yapmaya karar verdik. Birlikte bir ya\u015fam\u0131n kap\u0131s\u0131n\u0131 aralad\u0131\u011f\u0131m\u0131z, ayn\u0131 mutluluklara sevinece\u011fimiz, ayn\u0131 h\u00fcz\u00fcnlere \u00fcz\u00fclece\u011fimiz, ayn\u0131 ekme\u011fi ayn\u0131 sofrada payla\u015faca\u011f\u0131m\u0131z hayat\u0131m\u0131z\u0131n en anlaml\u0131 g\u00fcn\u00fcnde siz de\u011ferli sevdiklerimizi yan\u0131m\u0131zda g\u00f6rmekten mutluluk duyaca\u011f\u0131z.<\/span><\/p>\n<p><span style=\"color: #000000;\">\u201cG\u00fcn\u201d elbet bir g\u00fcn, sizin i\u00e7in, sizin istedi\u011finiz renkte, sizin istedi\u011finiz taraftan do\u011fabilir ve bizim i\u00e7in bug\u00fcn o \u201cG\u00fcn\u201d.. Bu umut dolu g\u00fcn\u00fcm\u00fcz\u00fc bizimle payla\u015fman\u0131zdan sevin\u00e7 duyar\u0131z\u2026<\/span><\/p>\n<p><span style=\"color: #000000;\">\u00d6m\u00fcr boyu s\u00fcrecek mutlu beraberli\u011fimizin ba\u015flang\u0131c\u0131nda sizleri de aram\u0131zda g\u00f6rmekten onur duyaca\u011f\u0131z.<\/span><\/p>\n<p><span style=\"color: #000000;\">D\u00fc\u011f\u00fcn\u00fcm\u00fczde sizleri de yan\u0131m\u0131zda g\u00f6rmekten b\u00fcy\u00fck mutluluk duyaca\u011f\u0131z.<\/span><br \/>\n<span style=\"color: #000000;\">Biz; Hayat\u0131n zorluklar\u0131na kar\u015f\u0131 beraber g\u00f6\u011f\u00fcs germeye, \u0130yi g\u00fcnde de k\u00f6t\u00fc g\u00fcnde de ellerimizi s\u0131ms\u0131k\u0131 kenetlemeye, Ayn\u0131 lokmay\u0131 b\u00f6l\u00fc\u015fmeye ayn\u0131 bardaktan su i\u00e7meye, Karar verdik. Allah\u2019\u0131n emrini, Peygamberimizin kavlini yerine getirece\u011fimiz en \u00f6zel g\u00fcn\u00fcm\u00fczde siz de mutlulu\u011fumuza ve yeni hayat\u0131m\u0131za ad\u0131m att\u0131\u011f\u0131m\u0131z ana ortak olmak ister misiniz?<\/span><\/p>\n<p><span style=\"color: #000000;\">Birlikteli\u011fimizin sonsuza kadar s\u00fcrmesi Umudu ve Dile\u011fiyle ortak ya\u015fant\u0131m\u0131za ad\u0131m att\u0131\u011f\u0131m\u0131z bu g\u00fcnde bizimle olman\u0131z\u0131 dileriz.<\/span><\/p>\n<p><span style=\"color: #000000;\">Evlili\u011fe ilk ad\u0131m att\u0131\u011f\u0131m\u0131z ni\u015fan t\u00f6renimizde sizleri de aram\u0131zda g\u00f6rmekten mutluluk duyar\u0131z.<\/span><\/p>\n<p><span style=\"color: #000000;\">\u00d6m\u00fcr boyu mutlulu\u011fa imzalar\u0131m\u0131z\u0131 atarken sizlerin yan\u0131m\u0131zda olman\u0131zdan b\u00fcy\u00fck mutluluk duyaca\u011f\u0131z.<\/span><\/p>\n<p><span style=\"color: #000000;\">Sevgi, sayg\u0131 ve anlay\u0131\u015fla temelini att\u0131\u011f\u0131m\u0131z beraberli\u011fimizi Sonsuza dek s\u00fcrd\u00fcrmeye karar verdik. Nikah (D\u00fc\u011f\u00fcn) t\u00f6renimizde Sizlerle birlikte olmaktan mutluluk duyar\u0131z.<\/span><\/p>\n<p><span style=\"color: #000000;\">Ya\u015fam\u0131 g\u00fczellikleriyle, Zorluklar\u0131yla, g\u00f6zya\u015flar\u0131yla, H\u00fcz\u00fcn ve mutluluklar\u0131yla, Her an\u0131nda payla\u015fmaya\u2026EVET<\/span><\/p>\n<p><span style=\"color: #000000;\">\u0130kimiz de maviyiz biz, birimiz g\u00f6ky\u00fcz\u00fc birimiz deniz.<\/span><br \/>\n<span style=\"color: #000000;\">G\u00f6ky\u00fcz\u00fc sonsuz, \u00f6zg\u00fcr ve bazen de sessiz<\/span><br \/>\n<span style=\"color: #000000;\">U\u00e7suz bucaks\u0131z, gizemli ve derin bir deniz<\/span><br \/>\n<span style=\"color: #000000;\">Ne r\u00fczgarlar kavu\u015fabilirdi derine<\/span><br \/>\n<span style=\"color: #000000;\">Ne de dalgalar u\u00e7abilirdi \u00f6zg\u00fcrl\u00fc\u011fe<\/span><br \/>\n<span style=\"color: #000000;\">Ama masal bu ya, kar\u0131\u015ft\u0131rd\u0131 dalgalar\u0131 r\u00fczgara<\/span><br \/>\n<span style=\"color: #000000;\">\u00c7\u0131kard\u0131 sonsuzlu\u011fa do\u011fru uzun bir yola<\/span><br \/>\n<span style=\"color: #000000;\">G\u00fcn geldi ve kavu\u015ftu g\u00f6ky\u00fcz\u00fcyle deniz<\/span><br \/>\n<span style=\"color: #000000;\">Masal\u0131m\u0131z\u0131n ilk g\u00fcn\u00fcne sizler de davetlisiniz<\/span><\/p>\n<p><span style=\"color: #000000;\">Gere\u011fi d\u00fc\u015f\u00fcn\u00fcld\u00fc. Birbirine kar\u015f\u0131 mutluluk su\u00e7unu ika etmi\u015f olduklar\u0131ndan, Medeni Kanun\u2019un 4721 Maddesi\u2019ne g\u00f6re evlilik cezas\u0131na \u00e7arpt\u0131r\u0131lm\u0131\u015flard\u0131r.<\/span><br \/>\n<span style=\"color: #000000;\">Sizleri de aralar\u0131nda g\u00f6r\u00fcrlerse su\u00e7lar\u0131 \u00f6m\u00fcr boyu mutlulu\u011fa d\u00f6n\u00fc\u015fecektir<\/span><\/p>\n<p><span style=\"color: #000000;\">Sen benim; Yaradan\u2019dan \u00f6t\u00fcr\u00fc yarad\u0131lan\u0131 sevi\u015fim, bir ad\u0131m gelene on ad\u0131m gidi\u015fimsin\u2026<\/span><br \/>\n<span style=\"color: #000000;\">Sen benim, bug\u00fcn\u00fcme \u015f\u00fck\u00fcr, yar\u0131n\u0131ma dua edi\u015fim ve kapanmayan avu\u00e7 i\u00e7imsin\u2026<\/span><br \/>\n<span style=\"color: #000000;\">Sen benim; sonsuz sadakatim, merhametim, hissiyat\u0131m, \u015fefkatimsin\u2026<\/span><br \/>\n<span style=\"color: #000000;\">Sen benim; her \u015feye ra\u011fmenim, asla pes etmeyi\u015fim, ba\u015f\u0131m\u0131 \u00f6ne e\u011fmeyi\u015fim ve \u00fcmidimi yitirmeyi\u015fimsin\u2026<\/span>[\/vc_column_text][\/vc_column][\/vc_row]<\/p>\n","protected":false},"excerpt":{"rendered":"<p>[vc_row el_id=&#8221;1733424716996-93c5464f-52d3&#8243; css=&#8221;.vc_custom_1733425517087{padding-top: 20px !important;}&#8221;][vc_column el_id=&#8221;1733424716999-80002013-71d3&#8243;][vc_column_text]Davetiye S\u00f6zleri \u00f6rnekleri A\u015fa\u011f\u0131dad\u0131r be\u011fendi\u011finizin numaras\u0131n\u0131 bize iletebilirsiniz. Sevgi dolu y\u00fcreklerimizi birle\u015ftirmek i\u00e7in en \u00f6zel g\u00fcn\u00fcm\u00fczde sizleri aram\u0131zda g\u00f6rmek bize mutluluk verecek. Evlili\u011fimizin ilk ad\u0131m\u0131n\u0131 sizlerle birlikte atmaktan b\u00fcy\u00fck onur duyaca\u011f\u0131z. \u00d6zel g\u00fcn\u00fcm\u00fczde yan\u0131m\u0131zda olman\u0131z\u0131 diler, sevgiyle davet ederiz. Birlikte ya\u015fayaca\u011f\u0131m\u0131z bu mutlu g\u00fcn\u00fcm\u00fczde sizlerle payla\u015fmak bizi \u00e7ok sevindirecek. Hayat\u0131m\u0131z\u0131n<\/p>\n","protected":false},"author":1,"featured_media":0,"parent":0,"menu_order":0,"comment_status":"closed","ping_status":"closed","template":"templates\/full-width.php","meta":{"footnotes":""},"class_list":["post-138","page","type-page","status-publish","hentry"],"_links":{"self":[{"href":"https:\/\/dugundavetiyeci.com\/index.php\/wp-json\/wp\/v2\/pages\/138","targetHints":{"allow":["GET"]}}],"collection":[{"href":"https:\/\/dugundavetiyeci.com\/index.php\/wp-json\/wp\/v2\/pages"}],"about":[{"href":"https:\/\/dugundavetiyeci.com\/index.php\/wp-json\/wp\/v2\/types\/page"}],"author":[{"embeddable":true,"href":"https:\/\/dugundavetiyeci.com\/index.php\/wp-json\/wp\/v2\/users\/1"}],"replies":[{"embeddable":true,"href":"https:\/\/dugundavetiyeci.com\/index.php\/wp-json\/wp\/v2\/comments?post=138"}],"version-history":[{"count":8,"href":"https:\/\/dugundavetiyeci.com\/index.php\/wp-json\/wp\/v2\/pages\/138\/revisions"}],"predecessor-version":[{"id":1089,"href":"https:\/\/dugundavetiyeci.com\/index.php\/wp-json\/wp\/v2\/pages\/138\/revisions\/1089"}],"wp:attachment":[{"href":"https:\/\/dugundavetiyeci.com\/index.php\/wp-json\/wp\/v2\/media?parent=138"}],"curies":[{"name":"wp","href":"https:\/\/api.w.org\/{rel}","templated":true}]}}